{"id":12648,"date":"2025-03-27T10:44:01","date_gmt":"2025-03-27T02:44:01","guid":{"rendered":"https:\/\/long-join.com\/?post_type=product&#038;p=12648"},"modified":"2025-09-12T13:49:49","modified_gmt":"2025-09-12T05:49:49","slug":"controlador-de-fotocelula-de-7-pines-con-atenuacion-de-480-v-0-10-v-jl-243f","status":"publish","type":"product","link":"https:\/\/long-join.com\/es\/product\/480v-0-10v-dimming-7-pin-photo-cell-controller-jl-243f\/","title":{"rendered":"Controlador de fotoc\u00e9lula de 7 pines con atenuaci\u00f3n de 480 V, 0-10 V, JL-243F"},"content":{"rendered":"<blockquote><p>Nos complace presentar nuestra oferta para el controlador de la serie JL-24. Estos controladores ofrecen diversas funciones, incluyendo el controlador de iluminaci\u00f3n 241c, equipado con regulaci\u00f3n de encendido\/apagado constante. Este modo mide el valor de la regulaci\u00f3n a partir de los niveles de luz de trabajo del entorno local y ajusta autom\u00e1ticamente el valor de sensibilidad a la luz del controlador seg\u00fan la iluminaci\u00f3n de la luminaria. El controlador 242c funciona con regulaci\u00f3n de encendido\/apagado constante y regulaci\u00f3n de medianoche. El controlador JL-243c es el modelo m\u00e1s avanzado, con m\u00faltiples funciones, incluyendo el mismo rendimiento del controlador 242c y la compensaci\u00f3n de la atenuaci\u00f3n del LED.<\/p><\/blockquote>\n<blockquote><p>Adem\u00e1s, nuestro nuevo producto, el JL-243F, opera a un voltaje de 480 V CA. Este controlador es diferente de los controladores 241C, 242 y 243C. Ofrece una ventaja significativa en protecci\u00f3n contra sobretensiones, con un valor m\u00e1ximo de 640 julios\/40 kA. Esto indica que el controlador est\u00e1 equipado con tecnolog\u00eda de protecci\u00f3n contra sobretensiones, que impide que alcance componentes electr\u00f3nicos sensibles como fotocontroladores y sensores. Estos componentes pueden da\u00f1arse por picos de alta tensi\u00f3n. Es importante destacar que estos controladores est\u00e1n dise\u00f1ados para operar a niveles de aproximadamente 100 lx (encendido &lt;100 lx, apagado &gt;100 lx). El controlador de la serie 24 cuenta con ajustes sensibles a la iluminaci\u00f3n, lo que permite su personalizaci\u00f3n para satisfacer necesidades espec\u00edficas.<\/p><\/blockquote>\n<blockquote><p><a href=\"https:\/\/long-join.com\/es\/product\/conexion-larga-nema-7-pines-phocontrol110-277-v-ca-0-10-v-atenuacion\/\" target=\"_blank\" rel=\"nofollow noopener\">Tipo de controlador est\u00e1ndar: 241c, 242c y 243c<\/a><\/p><\/blockquote>","protected":false},"excerpt":{"rendered":"<p>1. Modelo del producto: JL-243F<br \/>\n2. Voltaje nominal: 480 VCA<br \/>\n3. Nivel de lux encendido\/apagado: 100 lx<br \/>\n5. Salida de atenuaci\u00f3n de 0 a 10 V<\/p>","protected":false},"featured_media":12652,"template":"","meta":{"_acf_changed":false,"_seopress_robots_primary_cat":"none","_seopress_titles_title":"","_seopress_titles_desc":"","_seopress_robots_index":""},"product_brand":[],"product_cat":[60,28,55],"product_tag":[],"class_list":{"0":"post-12648","1":"product","2":"type-product","3":"status-publish","4":"has-post-thumbnail","6":"product_cat-dimming-photocontrol","7":"product_cat-our-product","8":"product_cat-twist-lock-photocontrollers","10":"first","11":"instock","12":"shipping-taxable","13":"product-type-simple"},"acf":[],"_links":{"self":[{"href":"https:\/\/long-join.com\/es\/wp-json\/wp\/v2\/product\/12648","targetHints":{"allow":["GET"]}}],"collection":[{"href":"https:\/\/long-join.com\/es\/wp-json\/wp\/v2\/product"}],"about":[{"href":"https:\/\/long-join.com\/es\/wp-json\/wp\/v2\/types\/product"}],"version-history":[{"count":3,"href":"https:\/\/long-join.com\/es\/wp-json\/wp\/v2\/product\/12648\/revisions"}],"predecessor-version":[{"id":15171,"href":"https:\/\/long-join.com\/es\/wp-json\/wp\/v2\/product\/12648\/revisions\/15171"}],"wp:featuredmedia":[{"embeddable":true,"href":"https:\/\/long-join.com\/es\/wp-json\/wp\/v2\/media\/12652"}],"wp:attachment":[{"href":"https:\/\/long-join.com\/es\/wp-json\/wp\/v2\/media?parent=12648"}],"wp:term":[{"taxonomy":"product_brand","embeddable":true,"href":"https:\/\/long-join.com\/es\/wp-json\/wp\/v2\/product_brand?post=12648"},{"taxonomy":"product_cat","embeddable":true,"href":"https:\/\/long-join.com\/es\/wp-json\/wp\/v2\/product_cat?post=12648"},{"taxonomy":"product_tag","embeddable":true,"href":"https:\/\/long-join.com\/es\/wp-json\/wp\/v2\/product_tag?post=12648"}],"curies":[{"name":"wp","href":"https:\/\/api.w.org\/{rel}","templated":true}]}}