{"id":10468,"date":"2024-12-18T17:12:23","date_gmt":"2024-12-18T09:12:23","guid":{"rendered":"https:\/\/long-join.com\/?post_type=product&#038;p=10468"},"modified":"2025-12-25T11:21:06","modified_gmt":"2025-12-25T03:21:06","slug":"controlador-de-fotocelula-para-farola-remota-inalambrica-nb-iot-120-277-v-ca","status":"publish","type":"product","link":"https:\/\/long-join.com\/es\/product\/nb-iot-wireless-remote-street-light-photocell-controller-120-277vac\/","title":{"rendered":"Controlador de fotoc\u00e9lula para farolas remotas inal\u00e1mbricas NB IoT (120-277 V CA)"},"content":{"rendered":"<blockquote><p>Grupos de Tecnolog\u00eda Inteligente de Shangh\u00e1i, con una larga trayectoria, presentan diversos tipos de farolas con fotoc\u00e9lula. Si le interesa nuestro controlador de iluminaci\u00f3n inteligente, le sugerimos las principales redes de comunicaci\u00f3n inal\u00e1mbrica: ZigBee y NB-Iot (Internet de las Cosas de Banda Estrecha). Debido a las diferencias en los tipos de redes de comunicaci\u00f3n inal\u00e1mbrica, los controladores inteligentes se dividir\u00e1n en ZigBee y NB-Iot.<\/p><\/blockquote>\n<blockquote>\n<figure id=\"attachment_10481\" aria-describedby=\"caption-attachment-10481\" style=\"width: 1120px\" class=\"wp-caption aligncenter\"><img fetchpriority=\"high\" decoding=\"async\" class=\"wp-image-10481 size-full\" src=\"http:\/\/long-join.com\/wp-content\/uploads\/2024\/12\/long-join-wireless-controller.jpg\" alt=\"controlador inal\u00e1mbrico de uni\u00f3n larga\" width=\"1120\" height=\"400\" srcset=\"https:\/\/long-join.com\/wp-content\/uploads\/2024\/12\/long-join-wireless-controller.jpg 1120w, https:\/\/long-join.com\/wp-content\/uploads\/2024\/12\/long-join-wireless-controller-300x107.jpg 300w, https:\/\/long-join.com\/wp-content\/uploads\/2024\/12\/long-join-wireless-controller-1024x366.jpg 1024w, https:\/\/long-join.com\/wp-content\/uploads\/2024\/12\/long-join-wireless-controller-768x274.jpg 768w, https:\/\/long-join.com\/wp-content\/uploads\/2024\/12\/long-join-wireless-controller-600x214.jpg 600w\" sizes=\"(max-width: 1120px) 100vw, 1120px\" \/><figcaption id=\"caption-attachment-10481\" class=\"wp-caption-text\">controlador inal\u00e1mbrico de uni\u00f3n larga<\/figcaption><\/figure><\/blockquote>\n<blockquote><p><strong>***Controlador de luz inteligente ZigBee: <a href=\"https:\/\/long-join.com\/es\/product\/controlador-de-luz-inteligente-inalambrico-zigbee-con-interruptor-de-control-fotografico-jl-245cz\/\" target=\"_blank\" rel=\"nofollow noopener\">JL-245C<\/a> y <a href=\"https:\/\/long-join.com\/es\/product\/controlador-de-alumbrado-publico-inteligente-inalambrico-jl-246cg-master-zigbee-120-277-v-ca\/\" target=\"_blank\" rel=\"nofollow noopener\">JL-246CG<\/a><\/strong><\/p><\/blockquote>\n<blockquote><p>El controlador inal\u00e1mbrico ZigBee JL-246CG act\u00faa como maestro, conect\u00e1ndose inal\u00e1mbricamente a varios controladores JL-245CZ. Facilita la transmisi\u00f3n de datos a servicios en la nube a trav\u00e9s de diversos medios, como LTE Cat1 u otras redes (2G\/3G\/4G\/NB-IoT\/LoRa\/Sigfox). Adem\u00e1s, cuenta con un sistema de control autom\u00e1tico de iluminaci\u00f3n que enciende y apaga las luces desde el anochecer hasta el amanecer. Nota: Estos controladores de iluminaci\u00f3n con encendido autom\u00e1tico adoptan el modo de control de iluminaci\u00f3n local y, por s\u00ed solos, ajustan autom\u00e1ticamente las operaciones seg\u00fan la intensidad de la luz externa. No se preocupe, nuestro tipo de red ZigBee es compatible. <strong>MALLA<\/strong>, entonces cada nodo puede comunicarse entre s\u00ed y transmitir entre s\u00ed, incluyendo transceptores nativos con caracter\u00edsticas destacadas y otras capacidades de reenv\u00edo.<\/p><\/blockquote>\n<blockquote><p><strong>Controlador de iluminaci\u00f3n inteligente NB-IoT: JL-245CN<\/strong><\/p><\/blockquote>\n<blockquote><p>En los a\u00f1os 2019, tambi\u00e9n lanzamos el controlador de luz NB-IoT de tipo red de comunicaci\u00f3n inal\u00e1mbrica de tecnolog\u00eda avanzada. Por lo tanto, en comparaci\u00f3n con el controlador de modo inal\u00e1mbrico ZigBee, la distancia de transmisi\u00f3n de este controlador NB-IoT alcanza m\u00e1s de diez kil\u00f3metros, y este tipo de comunicaci\u00f3n inal\u00e1mbrica es ideal para la aplicaci\u00f3n de dispositivos de iluminaci\u00f3n exterior y en dispositivos de infraestructuras de ciudades inteligentes para la intercomunicaci\u00f3n de datos entre s\u00ed por nb-iot.<\/p><\/blockquote>\n<blockquote><p><strong>Demostraci\u00f3n Estructura de comunicaci\u00f3n Enlaces l\u00f3gicos Flujos<\/strong><\/p><\/blockquote>\n<blockquote><p>El controlador de alumbrado p\u00fablico inteligente inal\u00e1mbrico NB-Iot JL-245CN admite la transmisi\u00f3n inal\u00e1mbrica de datos por cada luminaria con controlador NB-Iot. Por lo tanto, estos controladores de iluminaci\u00f3n inteligentes son m\u00e1s econ\u00f3micos y no requieren transferencia de datos a la estaci\u00f3n base de comunicaci\u00f3n, lo que permite la transmisi\u00f3n autom\u00e1tica de datos a la estaci\u00f3n base. Esta estaci\u00f3n base de comunicaci\u00f3n se transferir\u00e1 autom\u00e1ticamente al servicio de terminal remoto en la nube (PC\/App). Consejo: el control est\u00e1ndar con comunicaci\u00f3n inal\u00e1mbrica, que se utiliza para conectar el nodo del sistema de gesti\u00f3n de ciudades inteligentes locales, se env\u00eda mediante un protocolo UART a trav\u00e9s de un equipo t\u00e9cnico de larga duraci\u00f3n. Adem\u00e1s, nuestro controlador inal\u00e1mbrico NB-Iot admite un marco de red de malla, con la misma funci\u00f3n que las conexiones inal\u00e1mbricas ZigBee.<\/p><\/blockquote>\n<p><img decoding=\"async\" class=\"wp-image-10477 size-full aligncenter\" src=\"http:\/\/long-join.com\/wp-content\/uploads\/2024\/12\/JL-245CN-demo-network-diagram.jpg\" alt=\"Diagrama de red de demostraci\u00f3n JL-245CN\" width=\"1100\" height=\"500\" srcset=\"https:\/\/long-join.com\/wp-content\/uploads\/2024\/12\/JL-245CN-demo-network-diagram.jpg 1100w, https:\/\/long-join.com\/wp-content\/uploads\/2024\/12\/JL-245CN-demo-network-diagram-300x136.jpg 300w, https:\/\/long-join.com\/wp-content\/uploads\/2024\/12\/JL-245CN-demo-network-diagram-1024x465.jpg 1024w, https:\/\/long-join.com\/wp-content\/uploads\/2024\/12\/JL-245CN-demo-network-diagram-768x349.jpg 768w, https:\/\/long-join.com\/wp-content\/uploads\/2024\/12\/JL-245CN-demo-network-diagram-600x273.jpg 600w\" sizes=\"(max-width: 1100px) 100vw, 1100px\" \/><\/p>\n<blockquote><p>1. JL-245CN se conecta autom\u00e1ticamente al UM9000 a trav\u00e9s de la red NB-IOT cuando se enciende.<\/p><\/blockquote>\n<blockquote><p>2. UM9000 se conecta autom\u00e1ticamente al servidor en la nube a trav\u00e9s de la red NB-IOT. (UM9000 es uno de los sistemas de gesti\u00f3n de iluminaci\u00f3n inteligente de la serie UM y es el dispositivo de iluminaci\u00f3n de calle para exteriores m\u00e1s \u00fatil).<\/p><\/blockquote>\n<blockquote><p>3. Los usuarios pueden controlar de forma remota todos los dispositivos a trav\u00e9s de la interfaz WEB del terminal de la computadora.<\/p><\/blockquote>\n<blockquote><p><strong>Caracter\u00edsticas del JL-245CN<\/strong><\/p><\/blockquote>\n<blockquote><p>*Nb-Iot Communication distance\uff1a\u22641000m<\/p><\/blockquote>\n<blockquote><p>*Altitud: \u22644000m<\/p><\/blockquote>\n<blockquote><p>*Cubierta tipo s\u00e1ndwich para una larga vida \u00fatil, esta forma con doble PC (opcional)<\/p><\/blockquote>\n<blockquote><p>*Nivel de protecci\u00f3n contra sobretensiones: modo diferencial 6KV\/3KA<\/p><\/blockquote>\n<blockquote><p>*M\u00f3dulo NB-IoT, ranura para tarjeta SIM ofrecida<\/p><\/blockquote>","protected":false},"excerpt":{"rendered":"<p>1. Modelo del producto: JL-245CN<br \/>\n2. Clasificaci\u00f3n IP: IP65\/IP67<br \/>\n3. Inal\u00e1mbrico: NB-IOT<br \/>\n4. Salida de atenuaci\u00f3n: 0-10 V\/PWM<\/p>","protected":false},"featured_media":10484,"template":"","meta":{"_acf_changed":false,"_seopress_robots_primary_cat":"none","_seopress_titles_title":"","_seopress_titles_desc":"","_seopress_robots_index":""},"product_brand":[],"product_cat":[60,28,59,55],"product_tag":[],"class_list":{"0":"post-10468","1":"product","2":"type-product","3":"status-publish","4":"has-post-thumbnail","6":"product_cat-dimming-photocontrol","7":"product_cat-our-product","8":"product_cat-smart-photocell-sensor","9":"product_cat-twist-lock-photocontrollers","11":"first","12":"instock","13":"shipping-taxable","14":"product-type-simple"},"acf":[],"_links":{"self":[{"href":"https:\/\/long-join.com\/es\/wp-json\/wp\/v2\/product\/10468","targetHints":{"allow":["GET"]}}],"collection":[{"href":"https:\/\/long-join.com\/es\/wp-json\/wp\/v2\/product"}],"about":[{"href":"https:\/\/long-join.com\/es\/wp-json\/wp\/v2\/types\/product"}],"version-history":[{"count":18,"href":"https:\/\/long-join.com\/es\/wp-json\/wp\/v2\/product\/10468\/revisions"}],"predecessor-version":[{"id":16634,"href":"https:\/\/long-join.com\/es\/wp-json\/wp\/v2\/product\/10468\/revisions\/16634"}],"wp:featuredmedia":[{"embeddable":true,"href":"https:\/\/long-join.com\/es\/wp-json\/wp\/v2\/media\/10484"}],"wp:attachment":[{"href":"https:\/\/long-join.com\/es\/wp-json\/wp\/v2\/media?parent=10468"}],"wp:term":[{"taxonomy":"product_brand","embeddable":true,"href":"https:\/\/long-join.com\/es\/wp-json\/wp\/v2\/product_brand?post=10468"},{"taxonomy":"product_cat","embeddable":true,"href":"https:\/\/long-join.com\/es\/wp-json\/wp\/v2\/product_cat?post=10468"},{"taxonomy":"product_tag","embeddable":true,"href":"https:\/\/long-join.com\/es\/wp-json\/wp\/v2\/product_tag?post=10468"}],"curies":[{"name":"wp","href":"https:\/\/api.w.org\/{rel}","templated":true}]}}