{"id":10397,"date":"2024-12-12T16:58:30","date_gmt":"2024-12-12T08:58:30","guid":{"rendered":"https:\/\/long-join.com\/?post_type=product&#038;p=10397"},"modified":"2024-12-18T18:21:49","modified_gmt":"2024-12-18T10:21:49","slug":"controlador-de-alumbrado-publico-inteligente-inalambrico-jl-246cg-master-zigbee-120-277-v-ca","status":"publish","type":"product","link":"https:\/\/long-join.com\/es\/product\/jl-246cg-master-zigbee-wireless-smart-street-light-controller-120-277vac\/","title":{"rendered":"Controlador de alumbrado p\u00fablico inteligente inal\u00e1mbrico ZigBee JL-246CG Master de 120-277 V CA"},"content":{"rendered":"<div id=\"elementor-tab-content-2021\" class=\"elementor-tab-content elementor-clearfix elementor-active\" tabindex=\"0\" role=\"tabpanel\" data-tab=\"1\" aria-labelledby=\"elementor-tab-title-2021\">\n<blockquote><p>El controlador inal\u00e1mbrico ZigBee JL-246CG es un controlador maestro con conexi\u00f3n inal\u00e1mbrica descendente multipunto <a href=\"https:\/\/long-join.com\/es\/product\/controlador-de-luz-inteligente-inalambrico-zigbee-con-interruptor-de-control-fotografico-jl-245cz\/\" target=\"_blank\" rel=\"nofollow noopener\">Controlador JL-245CZ<\/a>En cuanto a la transmisi\u00f3n de datos, se conecta autom\u00e1ticamente a servicios de terminales en la nube mediante diversas comunicaciones LTE Cate1 o 2G\/3G\/4G\/NB-IOT\/LoRa\/Sigfox. Adem\u00e1s, este controlador cuenta con una funci\u00f3n de control estrat\u00e9gico que activa y desactiva autom\u00e1ticamente la iluminaci\u00f3n desde el anochecer hasta el amanecer. Consejos: Modo de control de iluminaci\u00f3n local: El controlador de iluminaci\u00f3n funciona autom\u00e1ticamente seg\u00fan las condiciones de lux de la iluminaci\u00f3n externa.<\/p><\/blockquote>\n<blockquote><p><strong>Esquema de la estructura del modo de aplicaci\u00f3n de comunicaci\u00f3n de red WAN<\/strong><\/p><\/blockquote>\n<p><img fetchpriority=\"high\" decoding=\"async\" class=\"wp-image-10412\" title=\"Controlador maestro inteligente 246CG_04\" src=\"http:\/\/long-join.com\/wp-content\/uploads\/2024\/12\/246CG_04.jpg\" alt=\"Controlador maestro inteligente 246CG_04\" width=\"750\" height=\"963\" srcset=\"https:\/\/long-join.com\/wp-content\/uploads\/2024\/12\/246CG_04.jpg 750w, https:\/\/long-join.com\/wp-content\/uploads\/2024\/12\/246CG_04-234x300.jpg 234w, https:\/\/long-join.com\/wp-content\/uploads\/2024\/12\/246CG_04-600x770.jpg 600w\" sizes=\"(max-width: 750px) 100vw, 750px\" \/><\/p>\n<blockquote><p><strong>Nuestro perfil de caracter\u00edsticas de la funci\u00f3n en la nube<\/strong><\/p><\/blockquote>\n<blockquote><p>1. Realice la recopilaci\u00f3n temporal de datos de par\u00e1metros el\u00e9ctricos, variables de estado y eventos de farolas inteligentes. Estos datos se cargan y transmiten cada 10 minutos\/veces al servicio en la nube del terminal de distancia remota.<\/p><\/blockquote>\n<p><img decoding=\"async\" class=\"aligncenter wp-image-10428 size-full\" title=\"Recopilaci\u00f3n de datos y seguimiento de operaciones\" src=\"http:\/\/long-join.com\/wp-content\/uploads\/2024\/12\/Data-collection-and-operation-monitoring.jpg\" alt=\"Recopilaci\u00f3n de datos y seguimiento de operaciones\" width=\"930\" height=\"412\" srcset=\"https:\/\/long-join.com\/wp-content\/uploads\/2024\/12\/Data-collection-and-operation-monitoring.jpg 930w, https:\/\/long-join.com\/wp-content\/uploads\/2024\/12\/Data-collection-and-operation-monitoring-300x133.jpg 300w, https:\/\/long-join.com\/wp-content\/uploads\/2024\/12\/Data-collection-and-operation-monitoring-768x340.jpg 768w, https:\/\/long-join.com\/wp-content\/uploads\/2024\/12\/Data-collection-and-operation-monitoring-600x266.jpg 600w\" sizes=\"(max-width: 930px) 100vw, 930px\" \/><\/p>\n<blockquote><p>2. Gesti\u00f3n regional por \u00e1rea administrativa multinivel del sistema. Normalmente, los usuarios pueden seleccionar el \u00e1rea administrativa correspondiente directamente al crear un proyecto de alumbrado p\u00fablico e ingresar los datos de la luminaria mediante una aplicaci\u00f3n o computadora.<\/p><\/blockquote>\n<blockquote><p>3. \u00bfC\u00f3mo cargar estos datos con esta aplicaci\u00f3n? \u00bfDe qu\u00e9 tipo? Simplemente ingrese el tipo de datos, incluyendo el n\u00famero de c\u00f3digo de la luminaria, los controladores, los postes, los controladores y el controlador de luz LED. No se preocupe, consulte nuestra gu\u00eda de instalaci\u00f3n y mantenimiento de la aplicaci\u00f3n. Por otro lado, puede escanear el controlador de luz JL-245CZ con un c\u00f3digo QR por tel\u00e9fono para instalarlo r\u00e1pidamente.<\/p><\/blockquote>\n<p><img decoding=\"async\" class=\"wp-image-10433 size-full\" title=\"Instalaci\u00f3n y mantenimiento de APP\" src=\"http:\/\/long-join.com\/wp-content\/uploads\/2024\/12\/Installation-and-maintenance-APP.jpg\" alt=\"Instalaci\u00f3n y mantenimiento de APP\" width=\"638\" height=\"476\" srcset=\"https:\/\/long-join.com\/wp-content\/uploads\/2024\/12\/Installation-and-maintenance-APP.jpg 638w, https:\/\/long-join.com\/wp-content\/uploads\/2024\/12\/Installation-and-maintenance-APP-300x224.jpg 300w, https:\/\/long-join.com\/wp-content\/uploads\/2024\/12\/Installation-and-maintenance-APP-600x448.jpg 600w\" sizes=\"(max-width: 638px) 100vw, 638px\" \/><\/p>\n<blockquote><p>4. El control remoto permite gestionar el equipo mediante estrategias de control de tiempo y de oscurecimiento nocturno. Consejos: El tiempo de oscurecimiento nocturno y la relaci\u00f3n de brillo se pueden personalizar, lo que permite un ahorro de energ\u00eda eficaz.<\/p><\/blockquote>\n<blockquote><p><strong>Funci\u00f3n de trabajo de la funci\u00f3n de puerta de enlace JL-246C<\/strong><\/p><\/blockquote>\n<blockquote><p>* El controlador maestro se puede utilizar para la comunicaci\u00f3n WAN y administrar el JL-245C a trav\u00e9s de la red ZigBee, de modo que cada controlador de luz se pueda conectar al servidor. A continuaci\u00f3n se muestra una demostraci\u00f3n de flujo simple.<\/p><\/blockquote>\n<blockquote><p>* JL-246CG\u20142G\/3G\/4G\/NB-IOT\/LoRa\/Sigfox\u2014WAN\u2014Servidor en la nube.<\/p><\/blockquote>\n<blockquote><p><strong>Caracter\u00edsticas del JL-246CG<\/strong><\/p><\/blockquote>\n<blockquote><p>*ANSI C136.41 Cerradura giratoria con 7 pasadores<\/p><\/blockquote>\n<blockquote><p>* Aplicaci\u00f3n de m\u00faltiples voltios<\/p><\/blockquote>\n<blockquote><p>* Cubierta tipo s\u00e1ndwich para larga duraci\u00f3n, esta forma con doble PC<\/p><\/blockquote>\n<blockquote><p>* Este controlador debe tener una tarjeta SIM (se ofrece ranura para tarjeta SIM LTE).<\/p><\/blockquote>\n<\/div>","protected":false},"excerpt":{"rendered":"<p>1. Modelo del producto: JL-245CG<br \/>\n2. Clasificaci\u00f3n IP: IP65\/IP67<br \/>\n3. Inal\u00e1mbrico: Zigbee<br \/>\n4. Salida de atenuaci\u00f3n: 0-10 V\/PWM<br \/>\n5. En comparaci\u00f3n con el JL-245CZ, este cumple una funci\u00f3n de monitor maestro en la conexi\u00f3n y transmisi\u00f3n de enlace ascendente-descendente.<\/p>","protected":false},"featured_media":10415,"template":"","meta":{"_acf_changed":false,"_seopress_robots_primary_cat":"none","_seopress_titles_title":"","_seopress_titles_desc":"","_seopress_robots_index":""},"product_brand":[],"product_cat":[60,28,59,55],"product_tag":[],"class_list":{"0":"post-10397","1":"product","2":"type-product","3":"status-publish","4":"has-post-thumbnail","6":"product_cat-dimming-photocontrol","7":"product_cat-our-product","8":"product_cat-smart-photocell-sensor","9":"product_cat-twist-lock-photocontrollers","11":"first","12":"instock","13":"shipping-taxable","14":"product-type-simple"},"acf":[],"_links":{"self":[{"href":"https:\/\/long-join.com\/es\/wp-json\/wp\/v2\/product\/10397","targetHints":{"allow":["GET"]}}],"collection":[{"href":"https:\/\/long-join.com\/es\/wp-json\/wp\/v2\/product"}],"about":[{"href":"https:\/\/long-join.com\/es\/wp-json\/wp\/v2\/types\/product"}],"version-history":[{"count":16,"href":"https:\/\/long-join.com\/es\/wp-json\/wp\/v2\/product\/10397\/revisions"}],"predecessor-version":[{"id":10494,"href":"https:\/\/long-join.com\/es\/wp-json\/wp\/v2\/product\/10397\/revisions\/10494"}],"wp:featuredmedia":[{"embeddable":true,"href":"https:\/\/long-join.com\/es\/wp-json\/wp\/v2\/media\/10415"}],"wp:attachment":[{"href":"https:\/\/long-join.com\/es\/wp-json\/wp\/v2\/media?parent=10397"}],"wp:term":[{"taxonomy":"product_brand","embeddable":true,"href":"https:\/\/long-join.com\/es\/wp-json\/wp\/v2\/product_brand?post=10397"},{"taxonomy":"product_cat","embeddable":true,"href":"https:\/\/long-join.com\/es\/wp-json\/wp\/v2\/product_cat?post=10397"},{"taxonomy":"product_tag","embeddable":true,"href":"https:\/\/long-join.com\/es\/wp-json\/wp\/v2\/product_tag?post=10397"}],"curies":[{"name":"wp","href":"https:\/\/api.w.org\/{rel}","templated":true}]}}